	{"id":3524,"date":"2025-09-26T10:17:46","date_gmt":"2025-09-26T13:17:46","guid":{"rendered":"https:\/\/educacao.sme.prefeitura.sp.gov.br\/cdep\/?page_id=3524"},"modified":"2026-01-26T12:48:55","modified_gmt":"2026-01-26T15:48:55","slug":"biografias-dos-secretarios-municipais-de-educacao","status":"publish","type":"page","link":"https:\/\/educacao.sme.prefeitura.sp.gov.br\/cdep\/biografias-dos-secretarios-municipais-de-educacao\/","title":{"rendered":"Biografias dos Secret\u00e1rios Municipais de Educa\u00e7\u00e3o"},"content":{"rendered":"","protected":false},"excerpt":{"rendered":"Biografias dos Secret\u00e1rios da Educa\u00e7\u00e3o Municipal","protected":false},"author":1,"featured_media":0,"parent":0,"menu_order":0,"comment_status":"closed","ping_status":"closed","template":"construtor-layout.php","meta":{"_acf_changed":false,"footnotes":""},"class_list":["post-3524","page","type-page","status-publish","hentry"],"acf":[],"_links":{"self":[{"href":"https:\/\/educacao.sme.prefeitura.sp.gov.br\/cdep\/wp-json\/wp\/v2\/pages\/3524","targetHints":{"allow":["GET"]}}],"collection":[{"href":"https:\/\/educacao.sme.prefeitura.sp.gov.br\/cdep\/wp-json\/wp\/v2\/pages"}],"about":[{"href":"https:\/\/educacao.sme.prefeitura.sp.gov.br\/cdep\/wp-json\/wp\/v2\/types\/page"}],"author":[{"embeddable":true,"href":"https:\/\/educacao.sme.prefeitura.sp.gov.br\/cdep\/wp-json\/wp\/v2\/users\/1"}],"replies":[{"embeddable":true,"href":"https:\/\/educacao.sme.prefeitura.sp.gov.br\/cdep\/wp-json\/wp\/v2\/comments?post=3524"}],"version-history":[{"count":89,"href":"https:\/\/educacao.sme.prefeitura.sp.gov.br\/cdep\/wp-json\/wp\/v2\/pages\/3524\/revisions"}],"predecessor-version":[{"id":3889,"href":"https:\/\/educacao.sme.prefeitura.sp.gov.br\/cdep\/wp-json\/wp\/v2\/pages\/3524\/revisions\/3889"}],"wp:attachment":[{"href":"https:\/\/educacao.sme.prefeitura.sp.gov.br\/cdep\/wp-json\/wp\/v2\/media?parent=3524"}],"curies":[{"name":"wp","href":"https:\/\/api.w.org\/{rel}","templated":true}]}}