	{"id":2975,"date":"2025-03-27T08:41:50","date_gmt":"2025-03-27T11:41:50","guid":{"rendered":"https:\/\/educacao.sme.prefeitura.sp.gov.br\/cdep\/?page_id=2975"},"modified":"2025-08-15T15:17:29","modified_gmt":"2025-08-15T18:17:29","slug":"patronos-das-escolas-municipais-de-educacao-bilingue-para-surdos","status":"publish","type":"page","link":"https:\/\/educacao.sme.prefeitura.sp.gov.br\/cdep\/biografias-dos-patronos-das-unidades-educacionais\/patronos-das-escolas-municipais-de-educacao-bilingue-para-surdos\/","title":{"rendered":"Patronos das Escolas Municipais de Educa\u00e7\u00e3o Bil\u00edngue para Surdos"},"content":{"rendered":"","protected":false},"excerpt":{"rendered":"","protected":false},"author":1,"featured_media":0,"parent":2530,"menu_order":0,"comment_status":"closed","ping_status":"closed","template":"construtor-layout.php","meta":{"_acf_changed":false,"footnotes":""},"class_list":["post-2975","page","type-page","status-publish","hentry"],"acf":[],"_links":{"self":[{"href":"https:\/\/educacao.sme.prefeitura.sp.gov.br\/cdep\/wp-json\/wp\/v2\/pages\/2975","targetHints":{"allow":["GET"]}}],"collection":[{"href":"https:\/\/educacao.sme.prefeitura.sp.gov.br\/cdep\/wp-json\/wp\/v2\/pages"}],"about":[{"href":"https:\/\/educacao.sme.prefeitura.sp.gov.br\/cdep\/wp-json\/wp\/v2\/types\/page"}],"author":[{"embeddable":true,"href":"https:\/\/educacao.sme.prefeitura.sp.gov.br\/cdep\/wp-json\/wp\/v2\/users\/1"}],"replies":[{"embeddable":true,"href":"https:\/\/educacao.sme.prefeitura.sp.gov.br\/cdep\/wp-json\/wp\/v2\/comments?post=2975"}],"version-history":[{"count":10,"href":"https:\/\/educacao.sme.prefeitura.sp.gov.br\/cdep\/wp-json\/wp\/v2\/pages\/2975\/revisions"}],"predecessor-version":[{"id":3442,"href":"https:\/\/educacao.sme.prefeitura.sp.gov.br\/cdep\/wp-json\/wp\/v2\/pages\/2975\/revisions\/3442"}],"up":[{"embeddable":true,"href":"https:\/\/educacao.sme.prefeitura.sp.gov.br\/cdep\/wp-json\/wp\/v2\/pages\/2530"}],"wp:attachment":[{"href":"https:\/\/educacao.sme.prefeitura.sp.gov.br\/cdep\/wp-json\/wp\/v2\/media?parent=2975"}],"curies":[{"name":"wp","href":"https:\/\/api.w.org\/{rel}","templated":true}]}}